{"id":1311,"date":"2025-09-29T22:14:57","date_gmt":"2025-09-29T21:14:57","guid":{"rendered":"https:\/\/mr-oneseller.com\/?page_id=1311"},"modified":"2026-02-25T23:58:48","modified_gmt":"2026-02-25T22:58:48","slug":"information-sur-le-transport","status":"publish","type":"page","link":"https:\/\/mr-oneseller.com\/index.php\/information-sur-le-transport\/","title":{"rendered":"Nos partenaires"},"content":{"rendered":"\n<style>\n\/* ====== STYLE DESKTOP ====== *\/\n.banniere-partenaire{\n  width:100%;\n  background:#FFFFFF;\n  color:#003f88;\n  border:1px solid #e5e7eb;\n  text-align: LEFT;        \/* \u2705 TEXTE JUSTIFI\u00c9 *\/\n  padding:18px 20px;\n  font-size:1.2rem;\n  font-weight:600;\n  border-radius:18px;\n  box-sizing:border-box;\n  margin:20px 0;\n  line-height:1.6;            \/* meilleure lisibilit\u00e9 *\/\n  transition:all 0.3s ease;\n}\n\n\/* ====== VERSION MOBILE ====== *\/\n@media (max-width: 768px){\n  .banniere-partenaire{\n    width:95%;\n    margin:10px auto;\n    font-size:0.9rem;\n    font-weight:500;\n    padding:10px 10px;\n    border-radius:14px;\n    line-height:1.5;\n    animation: fadeSlideUp 0.6s ease-out;\n  }\n}\n\n\/* ====== ANIMATION MOBILE ====== *\/\n@keyframes fadeSlideUp {\n  from {\n    opacity:0;\n    transform:translateY(12px);\n  }\n  to {\n    opacity:1;\n    transform:translateY(0);\n  }\n}\n<\/style>\n\n<div class=\"banniere-partenaire\">\n  Nous collaborons avec des partenaires rigoureusement s\u00e9lectionn\u00e9s pour garantir fiabilit\u00e9, conformit\u00e9 et performance  par \u00e9tape\n<\/div>\n","protected":false},"excerpt":{"rendered":"<p>Nous collaborons avec des partenaires rigoureusement s\u00e9lectionn\u00e9s pour garantir fiabilit\u00e9, conformit\u00e9 et performance par \u00e9tape<\/p>\n","protected":false},"author":1,"featured_media":0,"parent":0,"menu_order":0,"comment_status":"closed","ping_status":"closed","template":"","meta":{"_uag_custom_page_level_css":"","_glsr_average":0,"_glsr_ranking":0,"_glsr_reviews":0,"footnotes":""},"class_list":["post-1311","page","type-page","status-publish","hentry"],"yoast_head":"<!-- This site is optimized with the Yoast SEO plugin v25.7 - https:\/\/yoast.com\/wordpress\/plugins\/seo\/ -->\n<title>Nos partenaires -<\/title>\n<meta name=\"robots\" content=\"index, follow, max-snippet:-1, max-image-preview:large, max-video-preview:-1\" \/>\n<link rel=\"canonical\" href=\"https:\/\/mr-oneseller.com\/index.php\/information-sur-le-transport\/\" \/>\n<meta property=\"og:locale\" content=\"fr_FR\" \/>\n<meta property=\"og:type\" content=\"article\" \/>\n<meta property=\"og:title\" content=\"Nos partenaires -\" \/>\n<meta property=\"og:description\" content=\"Nous collaborons avec des partenaires rigoureusement s\u00e9lectionn\u00e9s pour garantir fiabilit\u00e9, conformit\u00e9 et performance par \u00e9tape\" \/>\n<meta property=\"og:url\" content=\"https:\/\/mr-oneseller.com\/index.php\/information-sur-le-transport\/\" \/>\n<meta property=\"article:modified_time\" content=\"2026-02-25T22:58:48+00:00\" \/>\n<meta name=\"twitter:card\" content=\"summary_large_image\" \/>\n<meta name=\"twitter:label1\" content=\"Dur\u00e9e de lecture estim\u00e9e\" \/>\n\t<meta name=\"twitter:data1\" content=\"1 minute\" \/>\n<script type=\"application\/ld+json\" class=\"yoast-schema-graph\">{\"@context\":\"https:\/\/schema.org\",\"@graph\":[{\"@type\":\"WebPage\",\"@id\":\"https:\/\/mr-oneseller.com\/index.php\/information-sur-le-transport\/\",\"url\":\"https:\/\/mr-oneseller.com\/index.php\/information-sur-le-transport\/\",\"name\":\"Nos partenaires -\",\"isPartOf\":{\"@id\":\"https:\/\/mr-oneseller.com\/#website\"},\"datePublished\":\"2025-09-29T21:14:57+00:00\",\"dateModified\":\"2026-02-25T22:58:48+00:00\",\"breadcrumb\":{\"@id\":\"https:\/\/mr-oneseller.com\/index.php\/information-sur-le-transport\/#breadcrumb\"},\"inLanguage\":\"fr-FR\",\"potentialAction\":[{\"@type\":\"ReadAction\",\"target\":[\"https:\/\/mr-oneseller.com\/index.php\/information-sur-le-transport\/\"]}]},{\"@type\":\"BreadcrumbList\",\"@id\":\"https:\/\/mr-oneseller.com\/index.php\/information-sur-le-transport\/#breadcrumb\",\"itemListElement\":[{\"@type\":\"ListItem\",\"position\":1,\"name\":\"Accueil\",\"item\":\"https:\/\/mr-oneseller.com\/\"},{\"@type\":\"ListItem\",\"position\":2,\"name\":\"Nos partenaires\"}]},{\"@type\":\"WebSite\",\"@id\":\"https:\/\/mr-oneseller.com\/#website\",\"url\":\"https:\/\/mr-oneseller.com\/\",\"name\":\"\",\"description\":\"\",\"potentialAction\":[{\"@type\":\"SearchAction\",\"target\":{\"@type\":\"EntryPoint\",\"urlTemplate\":\"https:\/\/mr-oneseller.com\/?s={search_term_string}\"},\"query-input\":{\"@type\":\"PropertyValueSpecification\",\"valueRequired\":true,\"valueName\":\"search_term_string\"}}],\"inLanguage\":\"fr-FR\"}]}<\/script>\n<!-- \/ Yoast SEO plugin. -->","yoast_head_json":{"title":"Nos partenaires -","robots":{"index":"index","follow":"follow","max-snippet":"max-snippet:-1","max-image-preview":"max-image-preview:large","max-video-preview":"max-video-preview:-1"},"canonical":"https:\/\/mr-oneseller.com\/index.php\/information-sur-le-transport\/","og_locale":"fr_FR","og_type":"article","og_title":"Nos partenaires -","og_description":"Nous collaborons avec des partenaires rigoureusement s\u00e9lectionn\u00e9s pour garantir fiabilit\u00e9, conformit\u00e9 et performance par \u00e9tape","og_url":"https:\/\/mr-oneseller.com\/index.php\/information-sur-le-transport\/","article_modified_time":"2026-02-25T22:58:48+00:00","twitter_card":"summary_large_image","twitter_misc":{"Dur\u00e9e de lecture estim\u00e9e":"1 minute"},"schema":{"@context":"https:\/\/schema.org","@graph":[{"@type":"WebPage","@id":"https:\/\/mr-oneseller.com\/index.php\/information-sur-le-transport\/","url":"https:\/\/mr-oneseller.com\/index.php\/information-sur-le-transport\/","name":"Nos partenaires -","isPartOf":{"@id":"https:\/\/mr-oneseller.com\/#website"},"datePublished":"2025-09-29T21:14:57+00:00","dateModified":"2026-02-25T22:58:48+00:00","breadcrumb":{"@id":"https:\/\/mr-oneseller.com\/index.php\/information-sur-le-transport\/#breadcrumb"},"inLanguage":"fr-FR","potentialAction":[{"@type":"ReadAction","target":["https:\/\/mr-oneseller.com\/index.php\/information-sur-le-transport\/"]}]},{"@type":"BreadcrumbList","@id":"https:\/\/mr-oneseller.com\/index.php\/information-sur-le-transport\/#breadcrumb","itemListElement":[{"@type":"ListItem","position":1,"name":"Accueil","item":"https:\/\/mr-oneseller.com\/"},{"@type":"ListItem","position":2,"name":"Nos partenaires"}]},{"@type":"WebSite","@id":"https:\/\/mr-oneseller.com\/#website","url":"https:\/\/mr-oneseller.com\/","name":"","description":"","potentialAction":[{"@type":"SearchAction","target":{"@type":"EntryPoint","urlTemplate":"https:\/\/mr-oneseller.com\/?s={search_term_string}"},"query-input":{"@type":"PropertyValueSpecification","valueRequired":true,"valueName":"search_term_string"}}],"inLanguage":"fr-FR"}]}},"uagb_featured_image_src":{"full":false,"thumbnail":false,"medium":false,"medium_large":false,"large":false,"1536x1536":false,"2048x2048":false,"woocommerce_thumbnail":false,"woocommerce_single":false,"woocommerce_gallery_thumbnail":false,"quick_view_image_size":false,"dgwt-wcas-product-suggestion":false},"uagb_author_info":{"display_name":"admin","author_link":"https:\/\/mr-oneseller.com\/index.php\/author\/admin\/"},"uagb_comment_info":0,"uagb_excerpt":"Nous collaborons avec des partenaires rigoureusement s\u00e9lectionn\u00e9s pour garantir fiabilit\u00e9, conformit\u00e9 et performance par \u00e9tape","jetpack_sharing_enabled":true,"_links":{"self":[{"href":"https:\/\/mr-oneseller.com\/index.php\/wp-json\/wp\/v2\/pages\/1311","targetHints":{"allow":["GET"]}}],"collection":[{"href":"https:\/\/mr-oneseller.com\/index.php\/wp-json\/wp\/v2\/pages"}],"about":[{"href":"https:\/\/mr-oneseller.com\/index.php\/wp-json\/wp\/v2\/types\/page"}],"author":[{"embeddable":true,"href":"https:\/\/mr-oneseller.com\/index.php\/wp-json\/wp\/v2\/users\/1"}],"replies":[{"embeddable":true,"href":"https:\/\/mr-oneseller.com\/index.php\/wp-json\/wp\/v2\/comments?post=1311"}],"version-history":[{"count":27,"href":"https:\/\/mr-oneseller.com\/index.php\/wp-json\/wp\/v2\/pages\/1311\/revisions"}],"predecessor-version":[{"id":2427,"href":"https:\/\/mr-oneseller.com\/index.php\/wp-json\/wp\/v2\/pages\/1311\/revisions\/2427"}],"wp:attachment":[{"href":"https:\/\/mr-oneseller.com\/index.php\/wp-json\/wp\/v2\/media?parent=1311"}],"curies":[{"name":"wp","href":"https:\/\/api.w.org\/{rel}","templated":true}]}}