{"id":406,"date":"2025-08-28T16:29:46","date_gmt":"2025-08-28T15:29:46","guid":{"rendered":"https:\/\/mr-oneseller.com\/?post_type=product&#038;p=406"},"modified":"2025-08-28T16:29:46","modified_gmt":"2025-08-28T15:29:46","slug":"hyundai-sonata-2011","status":"publish","type":"product","link":"https:\/\/mr-oneseller.com\/index.php\/produit\/hyundai-sonata-2011\/","title":{"rendered":"Hyundai Sonata 2011"},"content":{"rendered":"<p>&#8211; R\u00e9servoir : Essence<br \/>\n&#8211; Bo\u00eete : Automatique<\/p>\n<div data-test='contact-form'\n\t\t\tid='contact-form-406'\n\t\t\tclass='wp-block-jetpack-contact-form-container '\n\t\t\tdata-wp-interactive='jetpack\/form' data-wp-context='{\"formId\":\"406\",\"formHash\":\"7f1b716904e5af9fb326c325c32803ca6c1f1549\",\"showErrors\":false,\"errors\":[],\"fields\":[],\"isMultiStep\":false,\"useAjax\":true,\"submissionData\":null,\"formattedSubmissionData\":[],\"submissionSuccess\":false,\"submissionError\":null,\"elementId\":\"jp-form-7f1b716904e5af9fb326c325c32803ca6c1f1549\"}'\n\t\t\tdata-wp-watch--scroll-to-wrapper=\"callbacks.scrollToWrapper\"\n\t\t>\n<div class=\"contact-form-submission contact-form-ajax-submission\" data-wp-class--submission-success=\"context.submissionSuccess\"><p class=\"go-back-message\"> <a class=\"link\" role=\"button\" tabindex=\"0\" data-wp-on--click=\"actions.goBack\">Retour<\/a> <\/p><h4 id=\"contact-form-success-header\">Votre message a \u00e9t\u00e9 envoy\u00e9<\/h4>\n\n<template data-wp-each--submission=\"context.formattedSubmissionData\">\n\t\t\t\t<div>\n\t\t\t\t\t<div class=\"field-name\" data-wp-text=\"context.submission.label\" data-wp-bind--hidden=\"!context.submission.label\"><\/div>\n\t\t\t\t\t<div class=\"field-value\" data-wp-text=\"context.submission.value\"><\/div>\n\t\t\t\t<\/div>\n\t\t\t<\/template><\/div><form action='https:\/\/mr-oneseller.com\/index.php\/produit\/hyundai-sonata-2011\/#contact-form-406'\n\t\t\t\tid='jp-form-7f1b716904e5af9fb326c325c32803ca6c1f1549'\n\t\t\t\tmethod='post'\n\t\t\t\tclass='contact-form commentsblock' aria-label=\"Hyundai Sonata 2011\"\n\t\t\t\tdata-wp-on--submit=\"actions.onFormSubmit\"\n\t\t\t\tdata-wp-on--reset=\"actions.onFormReset\"\n\t\t\t\tdata-wp-class--submission-success=\"context.submissionSuccess\"\n\t\t\t\tdata-wp-class--is-first-step=\"state.isFirstStep\"\n\t\t\t\tdata-wp-class--is-last-step=\"state.isLastStep\"\n\t\t\t\tdata-wp-class--is-ajax-form=\"context.useAjax\"\n\t\t\t\tnovalidate >\n<input type='hidden' name='jetpack_contact_form_jwt' value='eyJ0eXAiOiJKV1QiLCJhbGciOiJIUzI1NiJ9.eyJhdHRyaWJ1dGVzIjp7InRvIjoiY29udGFjdEBtci1vbmVzZWxsZXIuY29tIiwic3ViamVjdCI6IltdIEh5dW5kYWkgU29uYXRhIDIwMTEiLCJzaG93X3N1YmplY3QiOiJubyIsIndpZGdldCI6IiIsImJsb2NrX3RlbXBsYXRlIjoiIiwiYmxvY2tfdGVtcGxhdGVfcGFydCI6IiIsImlkIjoiNDA2Iiwic3VibWl0X2J1dHRvbl90ZXh0IjoiRW52b3llciIsImN1c3RvbVRoYW5reW91IjoiIiwiY3VzdG9tVGhhbmt5b3VIZWFkaW5nIjoiVm90cmUgbWVzc2FnZSBhIFx1MDBlOXRcdTAwZTkgZW52b3lcdTAwZTkiLCJjdXN0b21UaGFua3lvdU1lc3NhZ2UiOiJNZXJjaSBwb3VyIHZvdHJlIHNvdW1pc3Npb25cdTAwYTAhIiwiY3VzdG9tVGhhbmt5b3VSZWRpcmVjdCI6IiIsImpldHBhY2tDUk0iOiIxIiwibWFpbHBvZXQiOiIiLCJjbGFzc05hbWUiOiIiLCJwb3N0VG9VcmwiOiIiLCJzYWxlc2ZvcmNlRGF0YSI6IiIsImhpZGRlbkZpZWxkcyI6IiIsInN0ZXBUcmFuc2l0aW9uIjoiZmFkZS1zbGlkZSJ9LCJjb250ZW50IjoiW2NvbnRhY3QtZmllbGQgbGFiZWw9XCJOb21cIiB0eXBlPVwibmFtZVwiICByZXF1aXJlZD1cInRydWVcIiBcL11bY29udGFjdC1maWVsZCBsYWJlbD1cIkUtbWFpbFwiIHR5cGU9XCJlbWFpbFwiIHJlcXVpcmVkPVwidHJ1ZVwiIFwvXVtjb250YWN0LWZpZWxkIGxhYmVsPVwiU2l0ZSB3ZWJcIiB0eXBlPVwidXJsXCIgXC9dW2NvbnRhY3QtZmllbGQgbGFiZWw9XCJNZXNzYWdlXCIgdHlwZT1cInRleHRhcmVhXCIgXC9dIiwiaGFzaCI6IjdmMWI3MTY5MDRlNWFmOWZiMzI2YzMyNWMzMjgwM2NhNmMxZjE1NDkifQ.kBQ0i0O1W4r8h-PXXrQ56zGPHkMjBpMkKJMce11dE-c' \/>\n\n<div style=\"\"  data-wp-interactive=\"jetpack\/form\" data-wp-context='{\"fieldId\":\"g406-nom\",\"fieldType\":\"name\",\"fieldLabel\":\"Nom\",\"fieldValue\":\"\",\"fieldPlaceholder\":\"\",\"fieldIsRequired\":\"1\",\"fieldErrorMessage\":\"\",\"fieldExtra\":[],\"formHash\":\"7f1b716904e5af9fb326c325c32803ca6c1f1549\"}'  class='grunion-field-name-wrap grunion-field-wrap'  data-wp-init='callbacks.initializeField' data-wp-on--jetpack-form-reset='callbacks.initializeField' >\n<label\n\t\t\t\tfor='g406-nom' class=\"grunion-field-label name\" >Nom<span class=\"grunion-label-required\" aria-hidden=\"true\">(obligatoire)<\/span><\/label>\n<input\n\t\t\t\t\ttype='text'\n\t\t\t\t\tname='g406-nom'\n\t\t\t\t\tid='g406-nom'\n\t\t\t\t\tvalue=''\n\n\t\t\t\t\tdata-wp-bind--aria-invalid='state.fieldHasErrors'\n\t\t\t\t\tdata-wp-bind--value='state.getFieldValue'\n\t\t\t\t\taria-errormessage='g406-nom-text-error-message'\n\t\t\t\t\tdata-wp-on--input='actions.onFieldChange'\n\t\t\t\t\tdata-wp-on--blur='actions.onFieldBlur'\n\t\t\t\t\tdata-wp-class--has-value='state.hasFieldValue'\n\n\t\t\t\t\tclass='name  grunion-field' \n\t\t\t\t\trequired='true' aria-required='true'  \/>\n \n\t\t\t<div id=\"g406-nom-text-error\" class=\"contact-form__input-error\" data-wp-class--has-errors=\"state.fieldHasErrors\">\n\t\t\t\t<span class=\"contact-form__warning-icon\">\n\t\t\t\t\t<svg width=\"16\" height=\"16\" viewBox=\"0 0 16 16\" fill=\"none\" xmlns=\"http:\/\/www.w3.org\/2000\/svg\">\n\t\t\t\t\t\t<path d=\"M8.50015 11.6402H7.50015V10.6402H8.50015V11.6402Z\" \/>\n\t\t\t\t\t\t<path d=\"M7.50015 9.64018H8.50015V6.30684H7.50015V9.64018Z\" \/>\n\t\t\t\t\t\t<path fill-rule=\"evenodd\" clip-rule=\"evenodd\" d=\"M6.98331 3.0947C7.42933 2.30177 8.57096 2.30177 9.01698 3.09469L13.8771 11.7349C14.3145 12.5126 13.7525 13.4735 12.8602 13.4735H3.14004C2.24774 13.4735 1.68575 12.5126 2.12321 11.7349L6.98331 3.0947ZM8.14541 3.58496C8.08169 3.47168 7.9186 3.47168 7.85488 3.58496L2.99478 12.2251C2.93229 12.3362 3.01257 12.4735 3.14004 12.4735H12.8602C12.9877 12.4735 13.068 12.3362 13.0055 12.2251L8.14541 3.58496Z\" \/>\n\t\t\t\t\t<\/svg>\n\t\t\t\t\t<span class=\"visually-hidden\">Attention<\/span>\n\t\t\t\t<\/span>\n\t\t\t\t<span data-wp-text=\"state.errorMessage\" id=\"g406-nom-text-error-message\"><\/span>\n\t\t\t<\/div> \n\t<\/div>\n\n<div style=\"\"  data-wp-interactive=\"jetpack\/form\" data-wp-context='{\"fieldId\":\"g406-email\",\"fieldType\":\"email\",\"fieldLabel\":\"E-mail\",\"fieldValue\":\"\",\"fieldPlaceholder\":\"\",\"fieldIsRequired\":\"1\",\"fieldErrorMessage\":\"\",\"fieldExtra\":[],\"formHash\":\"7f1b716904e5af9fb326c325c32803ca6c1f1549\"}'  class='grunion-field-email-wrap grunion-field-wrap'  data-wp-init='callbacks.initializeField' data-wp-on--jetpack-form-reset='callbacks.initializeField' >\n<label\n\t\t\t\tfor='g406-email' class=\"grunion-field-label email\" >E-mail<span class=\"grunion-label-required\" aria-hidden=\"true\">(obligatoire)<\/span><\/label>\n<input\n\t\t\t\t\ttype='email'\n\t\t\t\t\tname='g406-email'\n\t\t\t\t\tid='g406-email'\n\t\t\t\t\tvalue=''\n\n\t\t\t\t\tdata-wp-bind--aria-invalid='state.fieldHasErrors'\n\t\t\t\t\tdata-wp-bind--value='state.getFieldValue'\n\t\t\t\t\taria-errormessage='g406-email-email-error-message'\n\t\t\t\t\tdata-wp-on--input='actions.onFieldChange'\n\t\t\t\t\tdata-wp-on--blur='actions.onFieldBlur'\n\t\t\t\t\tdata-wp-class--has-value='state.hasFieldValue'\n\n\t\t\t\t\tclass='email  grunion-field' \n\t\t\t\t\trequired='true' aria-required='true'  \/>\n \n\t\t\t<div id=\"g406-email-email-error\" class=\"contact-form__input-error\" data-wp-class--has-errors=\"state.fieldHasErrors\">\n\t\t\t\t<span class=\"contact-form__warning-icon\">\n\t\t\t\t\t<svg width=\"16\" height=\"16\" viewBox=\"0 0 16 16\" fill=\"none\" xmlns=\"http:\/\/www.w3.org\/2000\/svg\">\n\t\t\t\t\t\t<path d=\"M8.50015 11.6402H7.50015V10.6402H8.50015V11.6402Z\" \/>\n\t\t\t\t\t\t<path d=\"M7.50015 9.64018H8.50015V6.30684H7.50015V9.64018Z\" \/>\n\t\t\t\t\t\t<path fill-rule=\"evenodd\" clip-rule=\"evenodd\" d=\"M6.98331 3.0947C7.42933 2.30177 8.57096 2.30177 9.01698 3.09469L13.8771 11.7349C14.3145 12.5126 13.7525 13.4735 12.8602 13.4735H3.14004C2.24774 13.4735 1.68575 12.5126 2.12321 11.7349L6.98331 3.0947ZM8.14541 3.58496C8.08169 3.47168 7.9186 3.47168 7.85488 3.58496L2.99478 12.2251C2.93229 12.3362 3.01257 12.4735 3.14004 12.4735H12.8602C12.9877 12.4735 13.068 12.3362 13.0055 12.2251L8.14541 3.58496Z\" \/>\n\t\t\t\t\t<\/svg>\n\t\t\t\t\t<span class=\"visually-hidden\">Attention<\/span>\n\t\t\t\t<\/span>\n\t\t\t\t<span data-wp-text=\"state.errorMessage\" id=\"g406-email-email-error-message\"><\/span>\n\t\t\t<\/div> \n\t<\/div>\n\n<div style=\"\"  data-wp-interactive=\"jetpack\/form\" data-wp-context='{\"fieldId\":\"g406-siteweb\",\"fieldType\":\"url\",\"fieldLabel\":\"Site web\",\"fieldValue\":\"\",\"fieldPlaceholder\":\"\",\"fieldIsRequired\":\"\",\"fieldErrorMessage\":\"\",\"fieldExtra\":[],\"formHash\":\"7f1b716904e5af9fb326c325c32803ca6c1f1549\"}'  class='grunion-field-url-wrap grunion-field-wrap'  data-wp-init='callbacks.initializeField' data-wp-on--jetpack-form-reset='callbacks.initializeField' >\n<label\n\t\t\t\tfor='g406-siteweb' class=\"grunion-field-label url\" >Site web<\/label>\n<input\n\t\t\t\t\ttype='text'\n\t\t\t\t\tname='g406-siteweb'\n\t\t\t\t\tid='g406-siteweb'\n\t\t\t\t\tvalue=''\n\n\t\t\t\t\tdata-wp-bind--aria-invalid='state.fieldHasErrors'\n\t\t\t\t\tdata-wp-bind--value='state.getFieldValue'\n\t\t\t\t\taria-errormessage='g406-siteweb-text-error-message'\n\t\t\t\t\tdata-wp-on--input='actions.onFieldChange'\n\t\t\t\t\tdata-wp-on--blur='actions.onFieldBlur'\n\t\t\t\t\tdata-wp-class--has-value='state.hasFieldValue'\n\n\t\t\t\t\tclass='url  grunion-field' \n\t\t\t\t\t \/>\n \n\t\t\t<div id=\"g406-siteweb-text-error\" class=\"contact-form__input-error\" data-wp-class--has-errors=\"state.fieldHasErrors\">\n\t\t\t\t<span class=\"contact-form__warning-icon\">\n\t\t\t\t\t<svg width=\"16\" height=\"16\" viewBox=\"0 0 16 16\" fill=\"none\" xmlns=\"http:\/\/www.w3.org\/2000\/svg\">\n\t\t\t\t\t\t<path d=\"M8.50015 11.6402H7.50015V10.6402H8.50015V11.6402Z\" \/>\n\t\t\t\t\t\t<path d=\"M7.50015 9.64018H8.50015V6.30684H7.50015V9.64018Z\" \/>\n\t\t\t\t\t\t<path fill-rule=\"evenodd\" clip-rule=\"evenodd\" d=\"M6.98331 3.0947C7.42933 2.30177 8.57096 2.30177 9.01698 3.09469L13.8771 11.7349C14.3145 12.5126 13.7525 13.4735 12.8602 13.4735H3.14004C2.24774 13.4735 1.68575 12.5126 2.12321 11.7349L6.98331 3.0947ZM8.14541 3.58496C8.08169 3.47168 7.9186 3.47168 7.85488 3.58496L2.99478 12.2251C2.93229 12.3362 3.01257 12.4735 3.14004 12.4735H12.8602C12.9877 12.4735 13.068 12.3362 13.0055 12.2251L8.14541 3.58496Z\" \/>\n\t\t\t\t\t<\/svg>\n\t\t\t\t\t<span class=\"visually-hidden\">Attention<\/span>\n\t\t\t\t<\/span>\n\t\t\t\t<span data-wp-text=\"state.errorMessage\" id=\"g406-siteweb-text-error-message\"><\/span>\n\t\t\t<\/div> \n\t<\/div>\n\n<div style=\"\"  data-wp-interactive=\"jetpack\/form\" data-wp-context='{\"fieldId\":\"g406-message\",\"fieldType\":\"textarea\",\"fieldLabel\":\"Message\",\"fieldValue\":\"\",\"fieldPlaceholder\":\"\",\"fieldIsRequired\":\"\",\"fieldErrorMessage\":\"\",\"fieldExtra\":[],\"formHash\":\"7f1b716904e5af9fb326c325c32803ca6c1f1549\"}'  class='grunion-field-textarea-wrap grunion-field-wrap'  data-wp-init='callbacks.initializeField' data-wp-on--jetpack-form-reset='callbacks.initializeField' >\n<label\n\t\t\t\tfor='contact-form-comment-g406-message' class=\"grunion-field-label textarea\" >Message<\/label>\n<textarea\n\t\t                style=''\n\t\t                name='g406-message'\n\t\t                id='contact-form-comment-g406-message'\n\t\t                rows='20'\n\t\t\t\t\t\tdata-wp-text='state.getFieldValue'\n\t\t\t\t\t\tdata-wp-on--input='actions.onFieldChange'\n\t\t\t\t\t\tdata-wp-on--blur='actions.onFieldBlur'\n\t\t\t\t\t\tdata-wp-class--has-value='state.hasFieldValue'\n\t\t\t\t\t\tdata-wp-bind--aria-invalid='state.fieldHasErrors'\n\t\t\t\t\t\tdata-wp-on--keydown='actions.onKeyDownTextarea'\n\t\t\t\t\t\taria-errormessage='g406-message-textarea-error-message'\n\t\t\t\t\t\tclass='textarea  grunion-field'  ><\/textarea>\n \n\t\t\t<div id=\"g406-message-textarea-error\" class=\"contact-form__input-error\" data-wp-class--has-errors=\"state.fieldHasErrors\">\n\t\t\t\t<span class=\"contact-form__warning-icon\">\n\t\t\t\t\t<svg width=\"16\" height=\"16\" viewBox=\"0 0 16 16\" fill=\"none\" xmlns=\"http:\/\/www.w3.org\/2000\/svg\">\n\t\t\t\t\t\t<path d=\"M8.50015 11.6402H7.50015V10.6402H8.50015V11.6402Z\" \/>\n\t\t\t\t\t\t<path d=\"M7.50015 9.64018H8.50015V6.30684H7.50015V9.64018Z\" \/>\n\t\t\t\t\t\t<path fill-rule=\"evenodd\" clip-rule=\"evenodd\" d=\"M6.98331 3.0947C7.42933 2.30177 8.57096 2.30177 9.01698 3.09469L13.8771 11.7349C14.3145 12.5126 13.7525 13.4735 12.8602 13.4735H3.14004C2.24774 13.4735 1.68575 12.5126 2.12321 11.7349L6.98331 3.0947ZM8.14541 3.58496C8.08169 3.47168 7.9186 3.47168 7.85488 3.58496L2.99478 12.2251C2.93229 12.3362 3.01257 12.4735 3.14004 12.4735H12.8602C12.9877 12.4735 13.068 12.3362 13.0055 12.2251L8.14541 3.58496Z\" \/>\n\t\t\t\t\t<\/svg>\n\t\t\t\t\t<span class=\"visually-hidden\">Attention<\/span>\n\t\t\t\t<\/span>\n\t\t\t\t<span data-wp-text=\"state.errorMessage\" id=\"g406-message-textarea-error-message\"><\/span>\n\t\t\t<\/div>\n\t<\/div>\n\t<p class='contact-submit'>\n<div class=\"contact-form__error\" data-wp-class--show-errors=\"state.showFormErrors\"><span class=\"contact-form__warning-icon\"><span class=\"visually-hidden\">Attention.<\/span><i aria-hidden=\"true\"><\/i><\/span>\n\t\t\t\t<span data-wp-text=\"state.getFormErrorMessage\"><\/span>\n\t\t\t\t<ul>\n\t\t\t\t<template data-wp-each=\"state.getErrorList\" data-wp-key=\"context.item.id\">\n\t\t\t\t\t<li><a data-wp-bind--href=\"context.item.anchor\" data-wp-on--click=\"actions.scrollIntoView\" data-wp-text=\"context.item.label\"><\/a><\/li>\n\t\t\t\t<\/template>\n\t\t\t\t<\/ul><\/div><div class=\"contact-form__error\" data-wp-class--show-errors=\"state.showSubmissionError\" data-wp-text=\"context.submissionError\"><\/div>\t\t<button type='submit' class='pushbutton-wide'>Envoyer<\/button>\t\t<input type='hidden' name='contact-form-id' value='406' \/>\n\t\t<input type='hidden' name='action' value='grunion-contact-form' \/>\n\t\t<input type='hidden' name='contact-form-hash' value='7f1b716904e5af9fb326c325c32803ca6c1f1549' \/>\n\t<\/p>\n<\/form>\n<\/div>\n","protected":false},"excerpt":{"rendered":"<p>&#8211; R\u00e9servoir : Essence &#8211; Bo\u00eete : Automatique<\/p>\n","protected":false},"featured_media":259,"comment_status":"open","ping_status":"closed","template":"","meta":{"_uag_custom_page_level_css":"","_glsr_average":0,"_glsr_ranking":0,"_glsr_reviews":0},"product_brand":[],"product_cat":[23],"product_tag":[],"class_list":{"0":"post-406","1":"product","2":"type-product","3":"status-publish","4":"has-post-thumbnail","6":"product_cat-autres","8":"first","9":"instock","10":"taxable","11":"shipping-taxable","12":"purchasable","13":"product-type-simple","14":"berocket_lgv_grid","15":"berocket_lgv_list_grid"},"yoast_head":"<!-- This site is optimized with the Yoast SEO plugin v25.7 - https:\/\/yoast.com\/wordpress\/plugins\/seo\/ -->\n<title>Hyundai Sonata 2011 -<\/title>\n<meta name=\"robots\" content=\"index, follow, max-snippet:-1, max-image-preview:large, max-video-preview:-1\" \/>\n<link rel=\"canonical\" href=\"https:\/\/mr-oneseller.com\/index.php\/produit\/hyundai-sonata-2011\/\" \/>\n<meta property=\"og:locale\" content=\"fr_FR\" \/>\n<meta property=\"og:type\" content=\"article\" \/>\n<meta property=\"og:title\" content=\"Hyundai Sonata 2011 -\" \/>\n<meta property=\"og:description\" content=\"&#8211; R\u00e9servoir : Essence &#8211; Bo\u00eete : Automatique\" \/>\n<meta property=\"og:url\" content=\"https:\/\/mr-oneseller.com\/index.php\/produit\/hyundai-sonata-2011\/\" \/>\n<meta property=\"og:image\" content=\"https:\/\/mr-oneseller.com\/wp-content\/uploads\/2025\/08\/WhatsApp-Image-2025-08-15-at-10.10.17-PM.jpeg\" \/>\n\t<meta property=\"og:image:width\" content=\"700\" \/>\n\t<meta property=\"og:image:height\" content=\"525\" \/>\n\t<meta property=\"og:image:type\" content=\"image\/jpeg\" \/>\n<meta name=\"twitter:card\" content=\"summary_large_image\" \/>\n<meta name=\"twitter:label1\" content=\"Dur\u00e9e de lecture estim\u00e9e\" \/>\n\t<meta name=\"twitter:data1\" content=\"1 minute\" \/>\n<script type=\"application\/ld+json\" class=\"yoast-schema-graph\">{\"@context\":\"https:\/\/schema.org\",\"@graph\":[{\"@type\":\"WebPage\",\"@id\":\"https:\/\/mr-oneseller.com\/index.php\/produit\/hyundai-sonata-2011\/\",\"url\":\"https:\/\/mr-oneseller.com\/index.php\/produit\/hyundai-sonata-2011\/\",\"name\":\"Hyundai Sonata 2011 -\",\"isPartOf\":{\"@id\":\"https:\/\/mr-oneseller.com\/#website\"},\"primaryImageOfPage\":{\"@id\":\"https:\/\/mr-oneseller.com\/index.php\/produit\/hyundai-sonata-2011\/#primaryimage\"},\"image\":{\"@id\":\"https:\/\/mr-oneseller.com\/index.php\/produit\/hyundai-sonata-2011\/#primaryimage\"},\"thumbnailUrl\":\"https:\/\/mr-oneseller.com\/wp-content\/uploads\/2025\/08\/WhatsApp-Image-2025-08-15-at-10.10.17-PM.jpeg\",\"datePublished\":\"2025-08-28T15:29:46+00:00\",\"breadcrumb\":{\"@id\":\"https:\/\/mr-oneseller.com\/index.php\/produit\/hyundai-sonata-2011\/#breadcrumb\"},\"inLanguage\":\"fr-FR\",\"potentialAction\":[{\"@type\":\"ReadAction\",\"target\":[\"https:\/\/mr-oneseller.com\/index.php\/produit\/hyundai-sonata-2011\/\"]}]},{\"@type\":\"ImageObject\",\"inLanguage\":\"fr-FR\",\"@id\":\"https:\/\/mr-oneseller.com\/index.php\/produit\/hyundai-sonata-2011\/#primaryimage\",\"url\":\"https:\/\/mr-oneseller.com\/wp-content\/uploads\/2025\/08\/WhatsApp-Image-2025-08-15-at-10.10.17-PM.jpeg\",\"contentUrl\":\"https:\/\/mr-oneseller.com\/wp-content\/uploads\/2025\/08\/WhatsApp-Image-2025-08-15-at-10.10.17-PM.jpeg\",\"width\":700,\"height\":525},{\"@type\":\"BreadcrumbList\",\"@id\":\"https:\/\/mr-oneseller.com\/index.php\/produit\/hyundai-sonata-2011\/#breadcrumb\",\"itemListElement\":[{\"@type\":\"ListItem\",\"position\":1,\"name\":\"Accueil\",\"item\":\"https:\/\/mr-oneseller.com\/\"},{\"@type\":\"ListItem\",\"position\":2,\"name\":\"Ma Boutique\",\"item\":\"https:\/\/mr-oneseller.com\/\"},{\"@type\":\"ListItem\",\"position\":3,\"name\":\"Hyundai Sonata 2011\"}]},{\"@type\":\"WebSite\",\"@id\":\"https:\/\/mr-oneseller.com\/#website\",\"url\":\"https:\/\/mr-oneseller.com\/\",\"name\":\"\",\"description\":\"\",\"potentialAction\":[{\"@type\":\"SearchAction\",\"target\":{\"@type\":\"EntryPoint\",\"urlTemplate\":\"https:\/\/mr-oneseller.com\/?s={search_term_string}\"},\"query-input\":{\"@type\":\"PropertyValueSpecification\",\"valueRequired\":true,\"valueName\":\"search_term_string\"}}],\"inLanguage\":\"fr-FR\"}]}<\/script>\n<!-- \/ Yoast SEO plugin. -->","yoast_head_json":{"title":"Hyundai Sonata 2011 -","robots":{"index":"index","follow":"follow","max-snippet":"max-snippet:-1","max-image-preview":"max-image-preview:large","max-video-preview":"max-video-preview:-1"},"canonical":"https:\/\/mr-oneseller.com\/index.php\/produit\/hyundai-sonata-2011\/","og_locale":"fr_FR","og_type":"article","og_title":"Hyundai Sonata 2011 -","og_description":"&#8211; R\u00e9servoir : Essence &#8211; Bo\u00eete : Automatique","og_url":"https:\/\/mr-oneseller.com\/index.php\/produit\/hyundai-sonata-2011\/","og_image":[{"width":700,"height":525,"url":"https:\/\/mr-oneseller.com\/wp-content\/uploads\/2025\/08\/WhatsApp-Image-2025-08-15-at-10.10.17-PM.jpeg","type":"image\/jpeg"}],"twitter_card":"summary_large_image","twitter_misc":{"Dur\u00e9e de lecture estim\u00e9e":"1 minute"},"schema":{"@context":"https:\/\/schema.org","@graph":[{"@type":"WebPage","@id":"https:\/\/mr-oneseller.com\/index.php\/produit\/hyundai-sonata-2011\/","url":"https:\/\/mr-oneseller.com\/index.php\/produit\/hyundai-sonata-2011\/","name":"Hyundai Sonata 2011 -","isPartOf":{"@id":"https:\/\/mr-oneseller.com\/#website"},"primaryImageOfPage":{"@id":"https:\/\/mr-oneseller.com\/index.php\/produit\/hyundai-sonata-2011\/#primaryimage"},"image":{"@id":"https:\/\/mr-oneseller.com\/index.php\/produit\/hyundai-sonata-2011\/#primaryimage"},"thumbnailUrl":"https:\/\/mr-oneseller.com\/wp-content\/uploads\/2025\/08\/WhatsApp-Image-2025-08-15-at-10.10.17-PM.jpeg","datePublished":"2025-08-28T15:29:46+00:00","breadcrumb":{"@id":"https:\/\/mr-oneseller.com\/index.php\/produit\/hyundai-sonata-2011\/#breadcrumb"},"inLanguage":"fr-FR","potentialAction":[{"@type":"ReadAction","target":["https:\/\/mr-oneseller.com\/index.php\/produit\/hyundai-sonata-2011\/"]}]},{"@type":"ImageObject","inLanguage":"fr-FR","@id":"https:\/\/mr-oneseller.com\/index.php\/produit\/hyundai-sonata-2011\/#primaryimage","url":"https:\/\/mr-oneseller.com\/wp-content\/uploads\/2025\/08\/WhatsApp-Image-2025-08-15-at-10.10.17-PM.jpeg","contentUrl":"https:\/\/mr-oneseller.com\/wp-content\/uploads\/2025\/08\/WhatsApp-Image-2025-08-15-at-10.10.17-PM.jpeg","width":700,"height":525},{"@type":"BreadcrumbList","@id":"https:\/\/mr-oneseller.com\/index.php\/produit\/hyundai-sonata-2011\/#breadcrumb","itemListElement":[{"@type":"ListItem","position":1,"name":"Accueil","item":"https:\/\/mr-oneseller.com\/"},{"@type":"ListItem","position":2,"name":"Ma Boutique","item":"https:\/\/mr-oneseller.com\/"},{"@type":"ListItem","position":3,"name":"Hyundai Sonata 2011"}]},{"@type":"WebSite","@id":"https:\/\/mr-oneseller.com\/#website","url":"https:\/\/mr-oneseller.com\/","name":"","description":"","potentialAction":[{"@type":"SearchAction","target":{"@type":"EntryPoint","urlTemplate":"https:\/\/mr-oneseller.com\/?s={search_term_string}"},"query-input":{"@type":"PropertyValueSpecification","valueRequired":true,"valueName":"search_term_string"}}],"inLanguage":"fr-FR"}]}},"uagb_featured_image_src":{"full":["https:\/\/mr-oneseller.com\/wp-content\/uploads\/2025\/08\/WhatsApp-Image-2025-08-15-at-10.10.17-PM.jpeg",700,525,false],"thumbnail":["https:\/\/mr-oneseller.com\/wp-content\/uploads\/2025\/08\/WhatsApp-Image-2025-08-15-at-10.10.17-PM-150x150.jpeg",150,150,true],"medium":["https:\/\/mr-oneseller.com\/wp-content\/uploads\/2025\/08\/WhatsApp-Image-2025-08-15-at-10.10.17-PM-300x225.jpeg",300,225,true],"medium_large":["https:\/\/mr-oneseller.com\/wp-content\/uploads\/2025\/08\/WhatsApp-Image-2025-08-15-at-10.10.17-PM.jpeg",700,525,false],"large":["https:\/\/mr-oneseller.com\/wp-content\/uploads\/2025\/08\/WhatsApp-Image-2025-08-15-at-10.10.17-PM.jpeg",700,525,false],"1536x1536":["https:\/\/mr-oneseller.com\/wp-content\/uploads\/2025\/08\/WhatsApp-Image-2025-08-15-at-10.10.17-PM.jpeg",700,525,false],"2048x2048":["https:\/\/mr-oneseller.com\/wp-content\/uploads\/2025\/08\/WhatsApp-Image-2025-08-15-at-10.10.17-PM.jpeg",700,525,false],"woocommerce_thumbnail":["https:\/\/mr-oneseller.com\/wp-content\/uploads\/2025\/08\/WhatsApp-Image-2025-08-15-at-10.10.17-PM-300x300.jpeg",300,300,true],"woocommerce_single":["https:\/\/mr-oneseller.com\/wp-content\/uploads\/2025\/08\/WhatsApp-Image-2025-08-15-at-10.10.17-PM-600x450.jpeg",600,450,true],"woocommerce_gallery_thumbnail":["https:\/\/mr-oneseller.com\/wp-content\/uploads\/2025\/08\/WhatsApp-Image-2025-08-15-at-10.10.17-PM-100x100.jpeg",100,100,true],"quick_view_image_size":["https:\/\/mr-oneseller.com\/wp-content\/uploads\/2025\/08\/WhatsApp-Image-2025-08-15-at-10.10.17-PM.jpeg",450,338,false],"dgwt-wcas-product-suggestion":["https:\/\/mr-oneseller.com\/wp-content\/uploads\/2025\/08\/WhatsApp-Image-2025-08-15-at-10.10.17-PM.jpeg",64,48,false]},"uagb_author_info":{"display_name":"admin","author_link":"https:\/\/mr-oneseller.com\/index.php\/author\/"},"uagb_comment_info":0,"uagb_excerpt":"&#8211; R\u00e9servoir : Essence &#8211; Bo\u00eete : Automatique","jetpack_sharing_enabled":true,"_links":{"self":[{"href":"https:\/\/mr-oneseller.com\/index.php\/wp-json\/wp\/v2\/product\/406","targetHints":{"allow":["GET"]}}],"collection":[{"href":"https:\/\/mr-oneseller.com\/index.php\/wp-json\/wp\/v2\/product"}],"about":[{"href":"https:\/\/mr-oneseller.com\/index.php\/wp-json\/wp\/v2\/types\/product"}],"replies":[{"embeddable":true,"href":"https:\/\/mr-oneseller.com\/index.php\/wp-json\/wp\/v2\/comments?post=406"}],"wp:featuredmedia":[{"embeddable":true,"href":"https:\/\/mr-oneseller.com\/index.php\/wp-json\/wp\/v2\/media\/259"}],"wp:attachment":[{"href":"https:\/\/mr-oneseller.com\/index.php\/wp-json\/wp\/v2\/media?parent=406"}],"wp:term":[{"taxonomy":"product_brand","embeddable":true,"href":"https:\/\/mr-oneseller.com\/index.php\/wp-json\/wp\/v2\/product_brand?post=406"},{"taxonomy":"product_cat","embeddable":true,"href":"https:\/\/mr-oneseller.com\/index.php\/wp-json\/wp\/v2\/product_cat?post=406"},{"taxonomy":"product_tag","embeddable":true,"href":"https:\/\/mr-oneseller.com\/index.php\/wp-json\/wp\/v2\/product_tag?post=406"}],"curies":[{"name":"wp","href":"https:\/\/api.w.org\/{rel}","templated":true}]}}